{"id":1108,"date":"2018-03-13T13:28:46","date_gmt":"2018-03-13T12:28:46","guid":{"rendered":"https:\/\/www.mtb-suedtirol.com\/colophon\/"},"modified":"2024-12-12T17:31:28","modified_gmt":"2024-12-12T16:31:28","slug":"colophon","status":"publish","type":"page","link":"https:\/\/www.mtb-suedtirol.com\/it\/colophon\/","title":{"rendered":"Colophon"},"content":{"rendered":"<p>[et_pb_section fb_built=&#8221;1&#8243; admin_label=&#8221;section&#8221; _builder_version=&#8221;3.22&#8243;][et_pb_row admin_label=&#8221;row&#8221; _builder_version=&#8221;3.25&#8243; background_size=&#8221;initial&#8221; background_position=&#8221;top_left&#8221; background_repeat=&#8221;repeat&#8221;][et_pb_column type=&#8221;4_4&#8243; _builder_version=&#8221;3.25&#8243; custom_padding=&#8221;|||&#8221; custom_padding__hover=&#8221;|||&#8221;][et_pb_text _builder_version=&#8221;3.27.4&#8243; text_font=&#8221;Roboto Slab|300|||||||&#8221; header_font=&#8221;Roboto Slab|100|||||||&#8221; header_text_align=&#8221;center&#8221; header_font_size=&#8221;50px&#8221; header_line_height=&#8221;1.7em&#8221; background_size=&#8221;initial&#8221; background_position=&#8221;top_left&#8221; background_repeat=&#8221;repeat&#8221;]<\/p>\n<h1 style=\"text-align: center;\">Colophon<\/h1>\n<h2>Responsabile del contenuto:<\/h2>\n<div><span class=\"gmail_default\">\u200b<\/span>LUKAS SANKTJOHANSER<\/div>\n<div>MwSt.<span>\u200b \/ P.Iva<\/span>\u00a003274300213<\/div>\n<div>Steuernummer<span>\u200b \/ Codice fiscale\u00a0<\/span>SNKLKS99D13F132M<\/div>\n<div>Empf\u00e4nger Kodex<span>\u200b \/ Codice Destinatario<\/span>\u00a0M5UXCR1<\/div>\n<div>Meraner Stra\u00dfe 7\u00a0<span>\u200b\/ Via Merano 7<\/span><\/div>\n<div>39011 Lana (BZ)<\/div>\n<div><\/div>\n<div><a href=\"mailto:info@ss38-bike.it\" target=\"_blank\" rel=\"noopener\">info@ss38-bike.it<\/a><\/div>\n<div>+39 0473 49 11 86<\/div>\n<div><a href=\"http:\/\/www.mtb-suedtirol.com\/\" target=\"_blank\" rel=\"noopener\">www.mtb-suedtirol.com<\/a><\/div>\n<h2>Concetto, design, testi\u00a0&amp;\u00a0programmazione<\/h2>\n<p><a href=\"http:\/\/https\/\/www.webwg.it\" target=\"_blank\" style=\"color: inherit; font-weight: normal;\" title=\"https:\/\/www.webwg.it\" rel=\"noopener noreferrer\">webwg Srl &#8211; La Sua SEO- &amp; Web Agency a Merano, Alto Adige<\/a><\/p>\n<p><a href=\"tel:00390473424202\" title=\"00390437424202\">+39 0473 424202<\/a>\u00a0 |<span>\u00a0<\/span><a href=\"mailto:info@webwg.it\" title=\"info@webwg.it\">info@webwg.it<\/a><br \/><a href=\"http:\/\/https\/\/www.webwg.it\" target=\"_blank\" title=\"https:\/\/www.webwg.it\" rel=\"noopener noreferrer\">www.webwg.it<\/a><a href=\"http:\/\/www.optimaclicks.it\" target=\"_blank\" data-link-value=\"www.optimaclicks.it\" data-link-type=\"www\" rel=\"noopener noreferrer\"><br \/><\/a>______________<\/p>\n<p>Sottolineiamo che non abbiamo nessuna influenza sui contenuti e sulla programmazione grafica di tutte le pagine che sono collegate tramite link da questa pagina. Per questo motivo non ci prendiamo nessuna responsabilit\u00e0 e non garantiamo in alcun modo per i contenuti delle pagine collegate. Ci distanziamo quindi in modo assoluto da ogni tipo di contenuto, che potrebbe non corrispondere alla nostra opinione. Non abbiamo nessuna influenza sui contenuti dei siti web che sono collegati (tramite link) da questo sito. Non ci assumiamo quindi nessuna responsabilit\u00e0 per i contenuti di questi siti web.<\/p>\n<p><strong>Copyright:<br \/><\/strong>Contenuto e struttura di questo sito sono coperti da diritto d\u2019autore. Ove non diversamente ed esplicitamente specificato, l\u2019utilizzo o la riproduzione di informazioni, testi, parti di testo o immagini viene concessa solo previa autorizzazione.<\/p>\n<p>Molte immagini di questo sito internet sono coperte da Copyright \u00a9 Primisser Martin &amp; Co.KG<\/p>\n<p><strong>Avvertenza sull\u2019uso di Google Analytics<\/strong><br \/>Questo sito utilizza Google Analytics, un servizio di analisi web fornito da Google, Inc. (\u201cGoogle\u201d). Google Analytics utilizza dei \u201ccookies\u201d, che sono file di testo che vengono depositati sul Vostro computer per consentire al sito web di analizzare come gli utenti utilizzano il sito. Le informazioni generate dal cookie sull\u2019utilizzo del sito web da parte Vostra (compreso il Vostro indirizzo IP) verranno trasmesse e depositate presso i server di Google negli Stati Uniti. Google utilizzer\u00e0 queste informazioni allo scopo di tracciare e esaminare il Vostro utilizzo del sito web, compilare report sulle attivit\u00e0 del sito web per gli operatori del sito web e fornire altri servizi relativi alle attivit\u00e0 del sito web e all\u2019utilizzo di Internet. Google pu\u00f2 anche trasferire queste informazioni a terzi ove ci\u00f2 sia imposto dalla legge o laddove tali terzi trattino le suddette informazioni per conto di Google. Google non assocer\u00e0 il vostro indirizzo IP a nessun altro dato posseduto da Google. Potete rifiutarvi di usare i cookies selezionando l\u2019impostazione appropriata sul vostro browser. Utilizzando il presente sito web, voi acconsentite al trattamento dei Vostri dati da parte di Google per le modalit\u00e0 e i fini sopraindicati\u201d.<\/p>\n<p>[\/et_pb_text][\/et_pb_column][\/et_pb_row][\/et_pb_section][et_pb_section fb_built=&#8221;1&#8243; _builder_version=&#8221;3.22&#8243; background_image=&#8221;http:\/\/23100.web.zcom.it\/wp-content\/uploads\/2018\/02\/932e027057de335b1c28c69bf569b62af464ad8a.jpg&#8221; parallax=&#8221;on&#8221; box_shadow_style=&#8221;preset6&#8243; box_shadow_blur=&#8221;0px&#8221; box_shadow_spread=&#8221;9999px&#8221; box_shadow_color=&#8221;rgba(0,0,0,0.45)&#8221; saved_tabs=&#8221;all&#8221;][et_pb_row column_structure=&#8221;1_2,1_2&#8243; use_custom_gutter=&#8221;on&#8221; gutter_width=&#8221;4&#8243; _builder_version=&#8221;3.25&#8243;][et_pb_column type=&#8221;1_2&#8243; _builder_version=&#8221;3.25&#8243; custom_padding=&#8221;|||&#8221; custom_padding__hover=&#8221;|||&#8221;][et_pb_text _builder_version=&#8221;3.27.4&#8243; text_font=&#8221;Roboto Slab|300|||||||&#8221; text_font_size=&#8221;18px&#8221; text_line_height=&#8221;1.8em&#8221; header_font=&#8221;||||||||&#8221; header_3_font=&#8221;Roboto Slab|300||on|||||&#8221; header_3_text_align=&#8221;center&#8221; header_3_font_size=&#8221;27px&#8221; header_3_line_height=&#8221;1.7em&#8221; background_color=&#8221;rgba(0,0,0,0.5)&#8221; background_layout=&#8221;dark&#8221; custom_padding=&#8221;50px|20px|50px|20px&#8221;]<\/p>\n<h3>ORARI DI APERTURA<\/h3>\n<div style=\"text-align: center;\">Dal luned\u00ec al venerd\u00ec<br \/>\n09:00-12:00 Uhr und 15:00-19:00 Uhr<br \/>\nSabato<br \/>\n09:00-12:00 Uhr<\/div>\n<p>&nbsp;<\/p>\n<div style=\"text-align: center;\">\u00c8 possibile fissare un appuntamento per telefono,<\/div>\n<div style=\"text-align: center;\">anche al di fuori degli orari di apertura, ai numeri : 0473 49 11 86<\/div>\n<div style=\"text-align: center;\">anche: +39 347 5172970<\/div>\n<p>[\/et_pb_text][\/et_pb_column][et_pb_column type=&#8221;1_2&#8243; _builder_version=&#8221;3.25&#8243; custom_padding=&#8221;|||&#8221; custom_padding__hover=&#8221;|||&#8221;][et_pb_text _builder_version=&#8221;3.27.4&#8243; text_font=&#8221;Roboto Slab|300|||||||&#8221; text_font_size=&#8221;18px&#8221; text_line_height=&#8221;1.8em&#8221; header_font=&#8221;||||||||&#8221; header_3_font=&#8221;Roboto Slab|300||on|||||&#8221; header_3_text_align=&#8221;center&#8221; header_3_font_size=&#8221;27px&#8221; header_3_line_height=&#8221;1.7em&#8221; background_color=&#8221;rgba(0,0,0,0.5)&#8221; background_layout=&#8221;dark&#8221; custom_padding=&#8221;50px|20px|50px|20px&#8221;]<\/p>\n<h3>Link utili<\/h3>\n<div style=\"text-align: center;\"><span style=\"color: #ffffff;\"><a style=\"color: #ffffff;\" href=\"http:\/\/lanabike.com\/de\/\">Noleggio bici <\/a><\/span><\/div>\n<div style=\"text-align: center;\"><span style=\"color: #ffffff;\"><a style=\"color: #ffffff;\" href=\"https:\/\/www.bikeacademy-lana.it\/\">Bike Academy <\/a><\/span><\/div>\n<div style=\"text-align: center;\"><span style=\"color: #ffffff;\">&nbsp;<\/span><\/div>\n<div style=\"text-align: center;\"><span style=\"color: #ffffff;\">&nbsp;<\/span><\/div>\n<div style=\"text-align: center;\"><span style=\"color: #ffffff;\">&nbsp;<\/span><\/div>\n<div style=\"text-align: center;\"><a style=\"color: white;\" href=\"impressum\/\">Impressum<\/a><br \/>\n<a style=\"color: white;\" href=\"privacy\/?et_fb=1\">Privacy<\/a><br \/>\n<a style=\"color: white;\" href=\"cookies\">Cookies<\/a><\/div>\n<p>[\/et_pb_text][\/et_pb_column][\/et_pb_row][et_pb_row column_structure=&#8221;1_4,1_4,1_4,1_4&#8243; _builder_version=&#8221;3.25&#8243;][et_pb_column type=&#8221;1_4&#8243; _builder_version=&#8221;3.25&#8243; custom_padding=&#8221;|||&#8221; custom_padding__hover=&#8221;|||&#8221;][et_pb_image url=&#8221;https:\/\/www.haibike.com&#8221; url_new_window=&#8221;on&#8221; align_tablet=&#8221;center&#8221; align_phone=&#8221;&#8221; align_last_edited=&#8221;on|desktop&#8221; _builder_version=&#8221;3.23&#8243; background_image=&#8221;http:\/\/23100.web.zcom.it\/wp-content\/uploads\/2018\/02\/Haibike.jpg&#8221; custom_padding=&#8221;20px||20px|&#8221;][\/et_pb_image][\/et_pb_column][et_pb_column type=&#8221;1_4&#8243; _builder_version=&#8221;3.25&#8243; custom_padding=&#8221;|||&#8221; custom_padding__hover=&#8221;|||&#8221;][et_pb_image url=&#8221;http:\/\/www.simplon.com\/&#8221; url_new_window=&#8221;on&#8221; align_tablet=&#8221;center&#8221; align_phone=&#8221;&#8221; align_last_edited=&#8221;on|desktop&#8221; _builder_version=&#8221;3.23&#8243; background_image=&#8221;http:\/\/23100.web.zcom.it\/wp-content\/uploads\/2018\/02\/logo_simplon_0.png&#8221; custom_padding=&#8221;20px||20px|&#8221;][\/et_pb_image][\/et_pb_column][et_pb_column type=&#8221;1_4&#8243; _builder_version=&#8221;3.25&#8243; custom_padding=&#8221;|||&#8221; custom_padding__hover=&#8221;|||&#8221;][et_pb_image url=&#8221;http:\/\/www.bikes-lapierre.de\/&#8221; url_new_window=&#8221;on&#8221; align_tablet=&#8221;center&#8221; align_phone=&#8221;&#8221; align_last_edited=&#8221;on|desktop&#8221; _builder_version=&#8221;3.23&#8243; background_color=&#8221;#ffffff&#8221; background_image=&#8221;http:\/\/23100.web.zcom.it\/wp-content\/uploads\/2018\/02\/logo-flyer.png&#8221; background_size=&#8221;contain&#8221; custom_padding=&#8221;20px||20px|&#8221;][\/et_pb_image][\/et_pb_column][et_pb_column type=&#8221;1_4&#8243; _builder_version=&#8221;3.25&#8243; custom_padding=&#8221;|||&#8221; custom_padding__hover=&#8221;|||&#8221;][et_pb_image url=&#8221;http:\/\/www.stevensbikes.de&#8221; url_new_window=&#8221;on&#8221; align_tablet=&#8221;center&#8221; align_phone=&#8221;&#8221; align_last_edited=&#8221;on|desktop&#8221; _builder_version=&#8221;3.23&#8243; background_image=&#8221;http:\/\/23100.web.zcom.it\/wp-content\/uploads\/2018\/02\/Stevens-Logo.jpg&#8221; custom_padding=&#8221;20px||20px|&#8221;][\/et_pb_image][\/et_pb_column][\/et_pb_row][\/et_pb_section][et_pb_section fb_built=&#8221;1&#8243; _builder_version=&#8221;3.22&#8243; background_color=&#8221;#e30013&#8243; custom_padding=&#8221;0px|0px|0px|0px&#8221;][et_pb_row column_structure=&#8221;1_2,1_2&#8243; _builder_version=&#8221;3.25&#8243; custom_padding=&#8221;10px|0px|10px|0px&#8221;][et_pb_column type=&#8221;1_2&#8243; _builder_version=&#8221;3.25&#8243; custom_padding=&#8221;|||&#8221; custom_padding__hover=&#8221;|||&#8221;][et_pb_text _builder_version=&#8221;3.27.4&#8243; text_font=&#8221;Roboto Slab|300|||||||&#8221; background_layout=&#8221;dark&#8221;]&copy;&nbsp;2026 MTB in S\u00fcdtiro[\/et_pb_text][\/et_pb_column][et_pb_column type=&#8221;1_2&#8243; _builder_version=&#8221;3.25&#8243; custom_padding=&#8221;|||&#8221; custom_padding__hover=&#8221;|||&#8221;][et_pb_text _builder_version=&#8221;3.27.4&#8243; text_font=&#8221;Roboto Slab|300|||||||&#8221; text_orientation=&#8221;right&#8221; background_layout=&#8221;dark&#8221;]Produced by <a href=\"https:\/\/www.webwg.it\">webwg<\/a>[\/et_pb_text][\/et_pb_column][\/et_pb_row][\/et_pb_section]<\/p>\n","protected":false},"excerpt":{"rendered":"<p>Colophon Responsabile del contenuto: \u200bLUKAS SANKTJOHANSER MwSt.\u200b \/ P.Iva\u00a003274300213 Steuernummer\u200b \/ Codice fiscale\u00a0SNKLKS99D13F132M Empf\u00e4nger Kodex\u200b \/ Codice Destinatario\u00a0M5UXCR1 Meraner Stra\u00dfe 7\u00a0\u200b\/ Via Merano 7 39011 Lana (BZ) info@ss38-bike.it +39 0473 49 11 86 www.mtb-suedtirol.com Concetto, design, testi\u00a0&amp;\u00a0programmazione webwg Srl &#8211; La Sua SEO- &amp; Web Agency a Merano, Alto Adige +39 0473 424202\u00a0 |\u00a0info@webwg.itwww.webwg.it______________ Sottolineiamo [&hellip;]<\/p>\n","protected":false},"author":2,"featured_media":0,"parent":0,"menu_order":0,"comment_status":"closed","ping_status":"closed","template":"","meta":{"_et_pb_use_builder":"on","_et_pb_old_content":"","_et_gb_content_width":"","footnotes":""},"aioseo_notices":[],"_links":{"self":[{"href":"https:\/\/www.mtb-suedtirol.com\/it\/wp-json\/wp\/v2\/pages\/1108"}],"collection":[{"href":"https:\/\/www.mtb-suedtirol.com\/it\/wp-json\/wp\/v2\/pages"}],"about":[{"href":"https:\/\/www.mtb-suedtirol.com\/it\/wp-json\/wp\/v2\/types\/page"}],"author":[{"embeddable":true,"href":"https:\/\/www.mtb-suedtirol.com\/it\/wp-json\/wp\/v2\/users\/2"}],"replies":[{"embeddable":true,"href":"https:\/\/www.mtb-suedtirol.com\/it\/wp-json\/wp\/v2\/comments?post=1108"}],"version-history":[{"count":10,"href":"https:\/\/www.mtb-suedtirol.com\/it\/wp-json\/wp\/v2\/pages\/1108\/revisions"}],"predecessor-version":[{"id":6665,"href":"https:\/\/www.mtb-suedtirol.com\/it\/wp-json\/wp\/v2\/pages\/1108\/revisions\/6665"}],"wp:attachment":[{"href":"https:\/\/www.mtb-suedtirol.com\/it\/wp-json\/wp\/v2\/media?parent=1108"}],"curies":[{"name":"wp","href":"https:\/\/api.w.org\/{rel}","templated":true}]}}