{"id":1140,"date":"2018-03-13T13:42:40","date_gmt":"2018-03-13T12:42:40","guid":{"rendered":"https:\/\/www.mtb-suedtirol.com\/privacy\/"},"modified":"2024-10-30T13:24:15","modified_gmt":"2024-10-30T12:24:15","slug":"privacy","status":"publish","type":"page","link":"https:\/\/www.mtb-suedtirol.com\/it\/privacy\/","title":{"rendered":"Privacy"},"content":{"rendered":"<p>[et_pb_section bb_built=&#8221;1&#8243; admin_label=&#8221;section&#8221; _builder_version=&#8221;3.0.47&#8243;][et_pb_row admin_label=&#8221;row&#8221; _builder_version=&#8221;3.0.47&#8243; background_size=&#8221;initial&#8221; background_position=&#8221;top_left&#8221; background_repeat=&#8221;repeat&#8221;][et_pb_column type=&#8221;4_4&#8243;][et_pb_text _builder_version=&#8221;3.0.99&#8243; background_size=&#8221;initial&#8221; background_position=&#8221;top_left&#8221; background_repeat=&#8221;repeat&#8221; text_font=&#8221;Roboto Slab|300|||||||&#8221; text_font_size=&#8221;15px&#8221; header_font=&#8221;Roboto Slab|100|||||||&#8221; header_text_align=&#8221;center&#8221; header_font_size=&#8221;50px&#8221; header_line_height=&#8221;1.8em&#8221;]<\/p>\n<h1 style=\"text-align: center;\">Privacy e tutela dei dati personali<\/h1>\n<p>Informativa resa ai sensi del D.lgs. del 30.06.2003 Codice della Privacy<\/p>\n<p>Ai sensi dell\u2019art. 13, Dlgs 30 giugno 2003 n. 196 INFORMIAMO che Hotel Rosslauf tratta dati personali di clienti e di fornitori e di soggetti che comunicano volontariamente (telefonicamente o via fax o via e-mail o tramite registrazione sul nostro sito web) i loro dati anagrafici alla nostra azienda, e di soggetti i cui dati sono stati raccolti presso terzi in occasione, ad esempio, di operazione di acquisizione di dati esterni per informazioni commerciali, elenchi pubblici ecc., nell\u2019ultimo caso trattasi esclusivamente di dati personali di natura comune.<\/p>\n<p>La nostra residence garantisce nell\u2019ambito delle previsioni normative che il trattamento dei dati personali si svolge nel rispetto dei diritti e delle libert\u00e0 fondamentali, nonch\u00e9 della dignit\u00e0 dell\u2019interessato, con particolare riferimento alla riservatezza, all\u2019identit\u00e0 personale e al diritto alla protezione dei dati personali.<\/p>\n<p><strong>Modalit\u00e0 di trattamento<\/strong><br \/>Il trattamento potr\u00e0 effettuarsi con o senza l\u2019ausilio di mezzi elettronici e comunque automatizzati e comprender\u00e0 tutte le operazioni previste all\u2019art. 4 comma 1, lettera a, Dlgs. 30 giugno 2003 n. 196 e necessarie al trattamento in questione. Comunque il trattamento sar\u00e0 effettuato nell\u2019osservanza di ogni misura cautelativa, che ne garantisca la sicurezza e la riservatezza.<\/p>\n<p><strong>Titolare del trattamento<\/strong><\/p>\n<p><strong>SS38 Bike-Lana<\/strong><br \/>\nDes Primisser Martin &amp; Co.KG<br \/>\nMeranerstr. 7<br \/>\nI-39011 Lana<br \/>\nTelefon:\u00a0<a href=\"tel:0473491186\">0473 491186<\/a><br \/>\nMobil: <a href=\"tel:+39 347 5172970\">+39 347 5172970<\/a><br \/>\n<a href=\"mailto:info@ss38-bike.it\">info@ss38-bike.it<\/a><br \/>\n<a href=\"http:\/\/www.mtb-suedtirol.com\">www.mtb-suedtirol.com<\/a><br \/>\nUID.Nr.: 02622630214<\/p>\n<p><strong>Diritti dell\u2019interessato<\/strong><br \/>Il Codice della Privacy conferisce agli interessati l\u2019esercizio di specifici diritti di cui all\u2019art. 7. In particolare pu\u00f2 ottenere dal titolare la conferma dell\u2019esistenza o meno di propri dati personali che lo riguardano e la loro comunicazione in forma intelligibile. L\u2019interessato pu\u00f2 altres\u00ec chiedere di conoscere l\u2019origine dei dati, le finalit\u00e0 e modalit\u00e0 del trattamento nonch\u00e9 la logica applicata in caso trattamento effettuato con l\u2019ausilio di strumenti elettronici, l\u2019identificazione degli estremi identificativi del titolare, dei responsabili nominati e dei soggetti e categorie di soggetti ai quali i dati possono essere comunicati o che possono venire a conoscenza.<\/p>\n<p>L\u2019interessato ha il diritto di ottenere l\u2019aggiornamento, la rettificazione e l\u2019integrazione, ovvero la cancellazione, la trasformazione in via anonima o il blocco dei dati trattati in violazione di legge. L\u2019interessato ha diritto di opporsi, in tutto o in parte, per motivi legittimi, al trattamento dei dati personali che lo riguardano, e senza motivo al trattamento dei dati che lo riguardano a fini di invio di materiale pubblicitario o di vendita diretta o per il compimento di ricerche di mercato o di comunicazione commerciale.<\/p>\n<p>I diritti in oggetto possono essere esercitati, anche per il tramite di un incaricato, mediante richiesta rivolta al responsabile del trattamento nominato &#8211; Hotel Rosslauf &#8211; con lettera raccomandata o e-mail all\u2019indirizzo hotel@rosslaufhof.com.<\/p>\n<p><strong>Informazione obbligatoria ai sensi del Regolamento UE n. 524\/2013 del Parlamento europeo e del Consiglio<\/strong> <br \/>Piattaforma per la risoluzione delle controversie online dei consumatori (ODR) della Commissione europea: <a href=\"http:\/\/ec.europa.eu\/consumers\/odr\/\" target=\"_blank\" data-link-value=\"http:\/\/ec.europa.eu\/consumers\/odr\/\" data-link-type=\"www\" rel=\"noopener\">http:\/\/ec.europa.eu\/consumers\/odr\/<\/a><\/p>\n<\/p>\n<p>[\/et_pb_text][\/et_pb_column][\/et_pb_row][\/et_pb_section][et_pb_section bb_built=&#8221;1&#8243; _builder_version=&#8221;3.0.99&#8243; background_image=&#8221;http:\/\/23100.web.zcom.it\/wp-content\/uploads\/2018\/02\/932e027057de335b1c28c69bf569b62af464ad8a.jpg&#8221; parallax=&#8221;on&#8221; box_shadow_style=&#8221;preset6&#8243; box_shadow_blur=&#8221;0px&#8221; box_shadow_spread=&#8221;9999px&#8221; box_shadow_color=&#8221;rgba(0,0,0,0.45)&#8221; saved_tabs=&#8221;all&#8221; global_module=&#8221;122&#8243;][et_pb_row global_parent=&#8221;122&#8243; use_custom_gutter=&#8221;on&#8221; gutter_width=&#8221;4&#8243; _builder_version=&#8221;3.0.99&#8243;][et_pb_column type=&#8221;1_2&#8243;][et_pb_text global_parent=&#8221;122&#8243; background_layout=&#8221;dark&#8221; _builder_version=&#8221;3.0.99&#8243; text_font=&#8221;Roboto Slab|300|||||||&#8221; text_font_size=&#8221;18px&#8221; text_line_height=&#8221;1.8em&#8221; header_font=&#8221;||||||||&#8221; header_3_font=&#8221;Roboto Slab|300||on|||||&#8221; header_3_text_align=&#8221;center&#8221; header_3_font_size=&#8221;27px&#8221; header_3_line_height=&#8221;1.7em&#8221; background_color=&#8221;rgba(0,0,0,0.5)&#8221; custom_padding=&#8221;50px|20px|50px|20px&#8221;]<\/p>\n<h3>ORARI DI APERTURA <\/h3>\n<div style=\"text-align: center;\">Dal luned\u00ec al venerd\u00ec<br \/>\n09:00-12:00 Uhr und 15:00-19:00 Uhr<br \/>\nSabato<br \/>\n09:00-12:00 Uhr<\/div>\n<p>&nbsp;<\/p>\n<div style=\"text-align: center;\">\u00c8 possibile fissare un appuntamento per telefono,<\/div>\n<div style=\"text-align: center;\">anche al di fuori degli orari di apertura, ai numeri : 0473 49 11 86<\/div>\n<div style=\"text-align: center;\">anche: +39 347 5172970<\/div>\n<p>[\/et_pb_text][\/et_pb_column][et_pb_column type=&#8221;1_2&#8243;][et_pb_text global_parent=&#8221;122&#8243; background_layout=&#8221;dark&#8221; _builder_version=&#8221;3.0.99&#8243; text_font=&#8221;Roboto Slab|300|||||||&#8221; text_font_size=&#8221;18px&#8221; text_line_height=&#8221;1.8em&#8221; header_font=&#8221;||||||||&#8221; header_3_font=&#8221;Roboto Slab|300||on|||||&#8221; header_3_text_align=&#8221;center&#8221; header_3_font_size=&#8221;27px&#8221; header_3_line_height=&#8221;1.7em&#8221; background_color=&#8221;rgba(0,0,0,0.5)&#8221; custom_padding=&#8221;50px|20px|50px|20px&#8221;]<\/p>\n<h3>Link utili<\/h3>\n<div style=\"text-align: center;\"><span style=\"color: #ffffff;\"><a style=\"color: #ffffff;\" href=\"http:\/\/lanabike.com\/de\/\">Noleggio bici <\/a><\/span><\/div>\n<div style=\"text-align: center;\"><span style=\"color: #ffffff;\"><a style=\"color: #ffffff;\" href=\"https:\/\/www.bikeacademy-lana.it\/\">Bike Academy <\/a><\/span><\/div>\n<div style=\"text-align: center;\"><span style=\"color: #ffffff;\">\u00a0<\/span><\/div>\n<div style=\"text-align: center;\"><span style=\"color: #ffffff;\">\u00a0<\/span><\/div>\n<div style=\"text-align: center;\"><span style=\"color: #ffffff;\">\u00a0<\/span><\/div>\n<div style=\"text-align: center;\"><a style=\"color: white;\" href=\"impressum\/\">Impressum<\/a><br \/>\n<a style=\"color: white;\" href=\"privacy\/?et_fb=1\">Privacy<\/a><br \/>\n<a style=\"color: white;\" href=\"cookies\">Cookies<\/a><\/div>\n<p>[\/et_pb_text][\/et_pb_column][\/et_pb_row][et_pb_row global_parent=&#8221;122&#8243; _builder_version=&#8221;3.0.99&#8243;][et_pb_column type=&#8221;1_4&#8243;][et_pb_image global_parent=&#8221;122&#8243; url=&#8221;https:\/\/www.haibike.com&#8221; url_new_window=&#8221;on&#8221; _builder_version=&#8221;3.0.99&#8243; background_image=&#8221;http:\/\/23100.web.zcom.it\/wp-content\/uploads\/2018\/02\/Haibike.jpg&#8221; custom_padding=&#8221;20px||20px|&#8221; \/][\/et_pb_column][et_pb_column type=&#8221;1_4&#8243;][et_pb_image global_parent=&#8221;122&#8243; url=&#8221;http:\/\/www.simplon.com\/&#8221; url_new_window=&#8221;on&#8221; _builder_version=&#8221;3.0.99&#8243; background_image=&#8221;http:\/\/23100.web.zcom.it\/wp-content\/uploads\/2018\/02\/logo_simplon_0.png&#8221; custom_padding=&#8221;20px||20px|&#8221; \/][\/et_pb_column][et_pb_column type=&#8221;1_4&#8243;][et_pb_image global_parent=&#8221;122&#8243; url=&#8221;http:\/\/www.bikes-lapierre.de\/&#8221; url_new_window=&#8221;on&#8221; _builder_version=&#8221;3.0.99&#8243; background_color=&#8221;#ffffff&#8221; background_image=&#8221;http:\/\/23100.web.zcom.it\/wp-content\/uploads\/2018\/02\/logo-flyer.png&#8221; background_size=&#8221;contain&#8221; custom_padding=&#8221;20px||20px|&#8221; \/][\/et_pb_column][et_pb_column type=&#8221;1_4&#8243;][et_pb_image global_parent=&#8221;122&#8243; url=&#8221;http:\/\/www.stevensbikes.de&#8221; url_new_window=&#8221;on&#8221; _builder_version=&#8221;3.0.99&#8243; background_image=&#8221;http:\/\/23100.web.zcom.it\/wp-content\/uploads\/2018\/02\/Stevens-Logo.jpg&#8221; custom_padding=&#8221;20px||20px|&#8221; \/][\/et_pb_column][\/et_pb_row][\/et_pb_section][et_pb_section bb_built=&#8221;1&#8243; background_color=&#8221;#e30013&#8243; _builder_version=&#8221;3.0.99&#8243; custom_padding=&#8221;0px|0px|0px|0px&#8221; global_module=&#8221;123&#8243;][et_pb_row global_parent=&#8221;123&#8243; custom_padding=&#8221;10px|0px|10px|0px&#8221; _builder_version=&#8221;3.0.99&#8243;][et_pb_column type=&#8221;1_2&#8243;][et_pb_text global_parent=&#8221;123&#8243; background_layout=&#8221;dark&#8221; _builder_version=&#8221;3.0.99&#8243; text_font=&#8221;Roboto Slab|300|||||||&#8221;]<\/p>\n<p>\u00a9 MTB in S\u00fcdtirol, 2018<\/p>\n<p>[\/et_pb_text][\/et_pb_column][et_pb_column type=&#8221;1_2&#8243;][et_pb_text global_parent=&#8221;123&#8243; background_layout=&#8221;dark&#8221; _builder_version=&#8221;3.0.99&#8243; text_font=&#8221;Roboto Slab|300|||||||&#8221; text_orientation=&#8221;right&#8221;]<\/p>\n<p>Produced by <a style=\"color: white;\" href=\"https:\/\/www.optimaclicks.it\/de\/home\/\" target=\"_blank\" rel=\"noopener noreferrer\">Optim@clicks<\/a><\/p>\n<p>[\/et_pb_text][\/et_pb_column][\/et_pb_row][\/et_pb_section]<\/p>\n","protected":false},"excerpt":{"rendered":"<p>Privacy e tutela dei dati personali Informativa resa ai sensi del D.lgs. del 30.06.2003 Codice della Privacy Ai sensi dell\u2019art. 13, Dlgs 30 giugno 2003 n. 196 INFORMIAMO che Hotel Rosslauf tratta dati personali di clienti e di fornitori e di soggetti che comunicano volontariamente (telefonicamente o via fax o via e-mail o tramite registrazione [&hellip;]<\/p>\n","protected":false},"author":2,"featured_media":0,"parent":0,"menu_order":0,"comment_status":"closed","ping_status":"closed","template":"","meta":{"_et_pb_use_builder":"on","_et_pb_old_content":"","_et_gb_content_width":"","footnotes":""},"aioseo_notices":[],"_links":{"self":[{"href":"https:\/\/www.mtb-suedtirol.com\/it\/wp-json\/wp\/v2\/pages\/1140"}],"collection":[{"href":"https:\/\/www.mtb-suedtirol.com\/it\/wp-json\/wp\/v2\/pages"}],"about":[{"href":"https:\/\/www.mtb-suedtirol.com\/it\/wp-json\/wp\/v2\/types\/page"}],"author":[{"embeddable":true,"href":"https:\/\/www.mtb-suedtirol.com\/it\/wp-json\/wp\/v2\/users\/2"}],"replies":[{"embeddable":true,"href":"https:\/\/www.mtb-suedtirol.com\/it\/wp-json\/wp\/v2\/comments?post=1140"}],"version-history":[{"count":4,"href":"https:\/\/www.mtb-suedtirol.com\/it\/wp-json\/wp\/v2\/pages\/1140\/revisions"}],"predecessor-version":[{"id":6534,"href":"https:\/\/www.mtb-suedtirol.com\/it\/wp-json\/wp\/v2\/pages\/1140\/revisions\/6534"}],"wp:attachment":[{"href":"https:\/\/www.mtb-suedtirol.com\/it\/wp-json\/wp\/v2\/media?parent=1140"}],"curies":[{"name":"wp","href":"https:\/\/api.w.org\/{rel}","templated":true}]}}