{"id":1175,"date":"2018-03-13T14:16:27","date_gmt":"2018-03-13T13:16:27","guid":{"rendered":"https:\/\/www.mtb-suedtirol.com\/benvenuto\/"},"modified":"2025-11-08T09:43:41","modified_gmt":"2025-11-08T08:43:41","slug":"benvenuto","status":"publish","type":"page","link":"https:\/\/www.mtb-suedtirol.com\/it\/","title":{"rendered":"Benvenuto"},"content":{"rendered":"<p>[et_pb_section fb_built=&#8221;1&#8243; fullwidth=&#8221;on&#8221; disabled_on=&#8221;off|off|off&#8221; admin_label=&#8221;Hero&#8221; _builder_version=&#8221;3.22&#8243; background_color=&#8221;#1f1f1f&#8221; parallax=&#8221;on&#8221; custom_padding=&#8221;|||&#8221; transparent_background=&#8221;on&#8221; saved_tabs=&#8221;all&#8221; collapsed=&#8221;off&#8221;][et_pb_fullwidth_header title=&#8221;Benvenuto in S.S. 38 Bike Lana&#8221; text_orientation=&#8221;center&#8221; header_fullscreen=&#8221;on&#8221; header_scroll_down=&#8221;on&#8221; scroll_down_icon=&#8221;%%2%%&#8221; scroll_down_icon_color=&#8221;#ffffff&#8221; scroll_down_icon_size=&#8221;60px&#8221; background_overlay_color=&#8221;rgba(255,255,255,0)&#8221; subhead_font_color=&#8221;#bebebe&#8221; _builder_version=&#8221;4.9.10&#8243; title_font=&#8221;Playfair Display||||&#8221; title_text_color=&#8221;#ffffff&#8221; title_font_size=&#8221;70px&#8221; title_line_height=&#8221;1.3em&#8221; content_font=&#8221;Montserrat||||&#8221; content_text_color=&#8221;#ffffff&#8221; content_font_size=&#8221;19px&#8221; content_line_height=&#8221;1.8em&#8221; subhead_font=&#8221;Montserrat||||&#8221; subhead_text_color=&#8221;#bebebe&#8221; subhead_line_height=&#8221;1.8em&#8221; background_color=&#8221;rgba(255,255,255,0)&#8221; background_image=&#8221;https:\/\/www.mtb-suedtirol.com\/wp-content\/uploads\/2021\/09\/IMG_3979-scaled.jpg&#8221; parallax=&#8221;on&#8221; parallax_method=&#8221;on&#8221; custom_button_one=&#8221;on&#8221; button_one_text_size=&#8221;15px&#8221; button_one_text_color=&#8221;#ffffff&#8221; button_one_border_width=&#8221;2px&#8221; button_one_border_color=&#8221;#ffffff&#8221; button_one_border_radius=&#8221;0px&#8221; button_one_letter_spacing=&#8221;1px&#8221; button_one_font=&#8221;Montserrat|||on|&#8221; button_one_use_icon=&#8221;off&#8221; custom_button_two=&#8221;on&#8221; button_two_text_size=&#8221;15px&#8221; button_two_text_color=&#8221;#ffffff&#8221; button_two_bg_color=&#8221;#c39d63&#8243; button_two_border_width=&#8221;2px&#8221; button_two_border_color=&#8221;#c39d63&#8243; button_two_border_radius=&#8221;0px&#8221; button_two_letter_spacing=&#8221;1px&#8221; button_two_font=&#8221;Montserrat|||on|&#8221; button_two_use_icon=&#8221;off&#8221; child_filter_contrast=&#8221;99%&#8221; title_font_size_tablet=&#8221;&#8221; title_font_size_phone=&#8221;50px&#8221; title_font_size_last_edited=&#8221;on|phone&#8221; title_line_height_last_edited=&#8221;off|desktop&#8221; text_shadow_style=&#8221;preset1&#8243; text_shadow_horizontal_length=&#8221;0.51em&#8221; text_shadow_vertical_length=&#8221;0.57em&#8221; text_shadow_blur_strength=&#8221;1.88em&#8221; text_shadow_color=&#8221;#000000&#8243; button_one_border_radius_hover=&#8221;0px&#8221; button_one_letter_spacing_hover=&#8221;1px&#8221; button_two_letter_spacing_hover=&#8221;1px&#8221; button_one_text_size__hover_enabled=&#8221;off&#8221; button_two_text_size__hover_enabled=&#8221;off&#8221; button_one_text_color__hover_enabled=&#8221;off&#8221; button_two_text_color__hover_enabled=&#8221;off&#8221; button_one_border_width__hover_enabled=&#8221;off&#8221; button_two_border_width__hover_enabled=&#8221;off&#8221; button_one_border_color__hover_enabled=&#8221;off&#8221; button_two_border_color__hover_enabled=&#8221;off&#8221; button_one_border_radius__hover_enabled=&#8221;on&#8221; button_one_border_radius__hover=&#8221;0px&#8221; button_two_border_radius__hover_enabled=&#8221;off&#8221; button_one_letter_spacing__hover_enabled=&#8221;on&#8221; button_one_letter_spacing__hover=&#8221;1px&#8221; button_two_letter_spacing__hover_enabled=&#8221;on&#8221; button_two_letter_spacing__hover=&#8221;1px&#8221; button_one_bg_color__hover_enabled=&#8221;off&#8221; button_two_bg_color__hover_enabled=&#8221;off&#8221;]<\/p>\n<p>lo specialista delle biciclette elettriche in Alto Adige.<\/p>\n<p>&nbsp;<\/p>\n<p>&nbsp;<\/p>\n<p>&nbsp;<\/p>\n<p>&nbsp;<\/p>\n<p>&nbsp;<\/p>\n<p>&nbsp;<\/p>\n<p>[\/et_pb_fullwidth_header][\/et_pb_section][et_pb_section fb_built=&#8221;1&#8243; _builder_version=&#8221;3.22&#8243;][et_pb_row _builder_version=&#8221;3.25&#8243; custom_padding=&#8221;0px|0px|28px|0px&#8221;][et_pb_column type=&#8221;4_4&#8243; _builder_version=&#8221;3.25&#8243; custom_padding=&#8221;|||&#8221; custom_padding__hover=&#8221;|||&#8221;][et_pb_text _builder_version=&#8221;3.27.4&#8243; text_font=&#8221;Roboto Slab|300|||||||&#8221; text_font_size=&#8221;18px&#8221; header_font=&#8221;Roboto Slab|100|||||||&#8221; header_text_align=&#8221;center&#8221; header_font_size=&#8221;45px&#8221; text_orientation=&#8221;center&#8221;]<\/p>\n<h1 id=\"post-333\" class=\"post-title\"><\/h1>\n<p><span style=\"font-size: 18px;\">A Meraner Stra\u00dfe 7 abbiamo una bicicletta per tutti! Se cerchi una consulenza personalizzata, insieme ad un servizio completo e professionale, Martin Primisser \u00e8 la scelta giusta. Vieni a trovarci nel nostro negozio S.S. 38 Bike Lana, vicino a Merano!<\/span><\/p>\n<p>Possiamo aiutarti a personalizzare la tua bicicletta con campanelli, luci LED e tanto altro. Assembla la tua bici ideale o scegli fra i TOP di gamma del nostro catalogo: la nostra selezione comprende modelli Haibike, Flyer, Giant, M1-Sporttechnik, Simplon, Winora e Riese &amp; M\u00fcller tutti valorizzati da accessori moderni ed efficienti. S.S. 38 Bike Lana \u00e8 la soluzione migliore per qualsiasi appassionato di bici!<\/p>\n<p>Non vediamo l&#8217;ora di accogliervi!<\/p>\n<p>Il team di Martin Primisser<\/p>\n<p>[\/et_pb_text][\/et_pb_column][\/et_pb_row][\/et_pb_section][et_pb_section fb_built=&#8221;1&#8243; _builder_version=&#8221;4.9.10&#8243; background_image=&#8221;https:\/\/www.mtb-suedtirol.com\/wp-content\/uploads\/2022\/10\/csm_Online-Uproc-X_Detailshots_E0A2175_9bf9535988.jpg&#8221; parallax=&#8221;on&#8221; parallax_method=&#8221;off&#8221; custom_padding=&#8221;25vh||25vh|&#8221;][\/et_pb_section][et_pb_section fb_built=&#8221;1&#8243; _builder_version=&#8221;3.22&#8243;][et_pb_row _builder_version=&#8221;3.25&#8243;][et_pb_column type=&#8221;4_4&#8243; _builder_version=&#8221;3.25&#8243; custom_padding=&#8221;|||&#8221; custom_padding__hover=&#8221;|||&#8221;][et_pb_text _builder_version=&#8221;3.27.4&#8243; text_font=&#8221;Roboto Slab|300|||||||&#8221; text_font_size=&#8221;18px&#8221; text_line_height=&#8221;1.8em&#8221; header_font=&#8221;Roboto Slab|100|||||||&#8221; header_2_font=&#8221;Roboto Slab|100||on|||||&#8221; header_2_text_align=&#8221;center&#8221; header_2_font_size=&#8221;40px&#8221; text_orientation=&#8221;center&#8221;]<\/p>\n<h2>E-Bike<\/h2>\n<p>Noi diamo il giusto valore al progresso. Con un catalogo fornito e aggiornato, garantiamo la miglior assistenza in Alto Adige sulle biciclette elettriche.<br \/>\n[\/et_pb_text][et_pb_button button_url=&#8221;\/notizie&#8221; button_text=&#8221;Maggiori informazioni sulle e-bike&#8221; button_alignment=&#8221;center&#8221; _builder_version=&#8221;4.9.10&#8243; custom_button=&#8221;on&#8221; button_text_size=&#8221;20px&#8221; button_text_color=&#8221;#ffffff&#8221; button_bg_color=&#8221;#e30013&#8243; button_border_width=&#8221;3px&#8221; button_border_color=&#8221;#e30013&#8243; button_border_radius=&#8221;40px&#8221; button_letter_spacing=&#8221;1px&#8221; button_font=&#8221;Roboto Slab|300|||||||&#8221; button_use_icon=&#8221;off&#8221; custom_margin=&#8221;|||&#8221; custom_padding=&#8221;7px|30px|7px|30px&#8221; button_border_color_hover=&#8221;#e30013&#8243; button_bg_color_hover=&#8221;rgba(227,0,19,0.55)&#8221; button_text_size__hover_enabled=&#8221;off&#8221; button_one_text_size__hover_enabled=&#8221;off&#8221; button_two_text_size__hover_enabled=&#8221;off&#8221; button_text_color__hover_enabled=&#8221;off&#8221; button_one_text_color__hover_enabled=&#8221;off&#8221; button_two_text_color__hover_enabled=&#8221;off&#8221; button_border_width__hover_enabled=&#8221;off&#8221; button_one_border_width__hover_enabled=&#8221;off&#8221; button_two_border_width__hover_enabled=&#8221;off&#8221; button_border_color__hover_enabled=&#8221;on&#8221; button_border_color__hover=&#8221;#e30013&#8243; button_one_border_color__hover_enabled=&#8221;off&#8221; button_two_border_color__hover_enabled=&#8221;off&#8221; button_border_radius__hover_enabled=&#8221;off&#8221; button_one_border_radius__hover_enabled=&#8221;off&#8221; button_two_border_radius__hover_enabled=&#8221;off&#8221; button_letter_spacing__hover_enabled=&#8221;off&#8221; button_one_letter_spacing__hover_enabled=&#8221;off&#8221; button_two_letter_spacing__hover_enabled=&#8221;off&#8221; button_bg_color__hover_enabled=&#8221;on&#8221; button_bg_color__hover=&#8221;rgba(227,0,19,0.55)&#8221; button_one_bg_color__hover_enabled=&#8221;off&#8221; button_two_bg_color__hover_enabled=&#8221;off&#8221;][\/et_pb_button][\/et_pb_column][\/et_pb_row][\/et_pb_section][et_pb_section fb_built=&#8221;1&#8243; _builder_version=&#8221;3.22&#8243; background_image=&#8221;https:\/\/www.mtb-suedtirol.com\/wp-content\/uploads\/2018\/02\/csm_Pavo_GF_Detail_Steuerrohr_7d42fb38dd.jpg&#8221; parallax=&#8221;on&#8221; parallax_method=&#8221;off&#8221; custom_padding=&#8221;25vh||25vh|&#8221;][\/et_pb_section][et_pb_section fb_built=&#8221;1&#8243; _builder_version=&#8221;3.22&#8243;][et_pb_row _builder_version=&#8221;3.25&#8243;][et_pb_column type=&#8221;4_4&#8243; _builder_version=&#8221;3.25&#8243; custom_padding=&#8221;|||&#8221; custom_padding__hover=&#8221;|||&#8221;][et_pb_text _builder_version=&#8221;3.27.4&#8243; text_font=&#8221;Roboto Slab|300|||||||&#8221; text_font_size=&#8221;18px&#8221; text_line_height=&#8221;1.8em&#8221; header_font=&#8221;Roboto Slab|100|||||||&#8221; header_2_font=&#8221;Roboto Slab|100||on|||||&#8221; header_2_text_align=&#8221;center&#8221; header_2_font_size=&#8221;40px&#8221; text_orientation=&#8221;center&#8221;]<\/p>\n<h2>BICI DA CORSA <\/h2>\n<p>Se la velocit\u00e0 \u00e8 la tua passione, abbiamo senza dubbio ci\u00f2 che fa per te. Visita questa sezione!<br \/>\n[\/et_pb_text][\/et_pb_column][\/et_pb_row][\/et_pb_section][et_pb_section fb_built=&#8221;1&#8243; _builder_version=&#8221;4.9.10&#8243; background_image=&#8221;https:\/\/www.mtb-suedtirol.com\/wp-content\/uploads\/2022\/10\/giant-reign-my2022-titelbild.webp&#8221; parallax=&#8221;on&#8221; parallax_method=&#8221;off&#8221; custom_padding=&#8221;25vh||25vh|&#8221;][\/et_pb_section][et_pb_section fb_built=&#8221;1&#8243; _builder_version=&#8221;3.22&#8243;][et_pb_row _builder_version=&#8221;3.25&#8243;][et_pb_column type=&#8221;4_4&#8243; _builder_version=&#8221;3.25&#8243; custom_padding=&#8221;|||&#8221; custom_padding__hover=&#8221;|||&#8221;][et_pb_text _builder_version=&#8221;3.27.4&#8243; text_font=&#8221;Roboto Slab|300|||||||&#8221; text_font_size=&#8221;18px&#8221; text_line_height=&#8221;1.8em&#8221; header_font=&#8221;Roboto Slab|100|||||||&#8221; header_2_font=&#8221;Roboto Slab|100||on|||||&#8221; header_2_text_align=&#8221;center&#8221; header_2_font_size=&#8221;40px&#8221; text_orientation=&#8221;center&#8221;]<\/p>\n<h2>MOUNTAIN BIKE <\/h2>\n<p>Preferisci la versatilit\u00e0 di una all-mountain o la leggerezza di una hardtail? In entrambi i casi, ecco la scelta di cui hai bisogno!<br \/>\n[\/et_pb_text][\/et_pb_column][\/et_pb_row][\/et_pb_section][et_pb_section fb_built=&#8221;1&#8243; _builder_version=&#8221;3.22&#8243; background_image=&#8221;https:\/\/www.mtb-suedtirol.com\/wp-content\/uploads\/2018\/02\/932e027057de335b1c28c69bf569b62af464ad8a.jpg&#8221; parallax=&#8221;on&#8221; box_shadow_style=&#8221;preset6&#8243; box_shadow_blur=&#8221;0px&#8221; box_shadow_spread=&#8221;80px&#8221; box_shadow_color=&#8221;rgba(0,0,0,0.45)&#8221; saved_tabs=&#8221;all&#8221;][et_pb_row column_structure=&#8221;1_2,1_2&#8243; use_custom_gutter=&#8221;on&#8221; gutter_width=&#8221;4&#8243; _builder_version=&#8221;3.25&#8243;][et_pb_column type=&#8221;1_2&#8243; _builder_version=&#8221;3.25&#8243; custom_padding=&#8221;|||&#8221; custom_padding__hover=&#8221;|||&#8221;][et_pb_text _builder_version=&#8221;3.27.4&#8243; text_font=&#8221;Roboto Slab|300|||||||&#8221; text_font_size=&#8221;18px&#8221; text_line_height=&#8221;1.8em&#8221; header_font=&#8221;||||||||&#8221; header_3_font=&#8221;Roboto Slab|300||on|||||&#8221; header_3_text_align=&#8221;center&#8221; header_3_font_size=&#8221;27px&#8221; header_3_line_height=&#8221;1.7em&#8221; background_color=&#8221;rgba(0,0,0,0.5)&#8221; background_layout=&#8221;dark&#8221; custom_padding=&#8221;50px|20px|50px|20px&#8221;]<\/p>\n<h3>ORARI DI APERTURA<\/h3>\n<div style=\"text-align: center;\">Dal luned\u00ec al venerd\u00ec<br \/>09:00-12:00\u00a0 15:00-19:00\u00a0<br \/>Sabato<br \/>09:00-12:00<\/div>\n<p>&nbsp;<\/p>\n<div style=\"text-align: center;\">\u00c8 possibile fissare un appuntamento per telefono,<\/div>\n<div style=\"text-align: center;\">anche al di fuori degli orari di apertura, ai numeri : 0473 19 80 011<\/div>\n<p>[\/et_pb_text][\/et_pb_column][et_pb_column type=&#8221;1_2&#8243; _builder_version=&#8221;3.25&#8243; custom_padding=&#8221;|||&#8221; custom_padding__hover=&#8221;|||&#8221;][et_pb_text _builder_version=&#8221;3.27.4&#8243; text_font=&#8221;Roboto Slab|300|||||||&#8221; text_font_size=&#8221;18px&#8221; text_line_height=&#8221;1.8em&#8221; header_font=&#8221;||||||||&#8221; header_3_font=&#8221;Roboto Slab|300||on|||||&#8221; header_3_text_align=&#8221;center&#8221; header_3_font_size=&#8221;27px&#8221; header_3_line_height=&#8221;1.7em&#8221; background_color=&#8221;rgba(0,0,0,0.5)&#8221; background_layout=&#8221;dark&#8221; custom_padding=&#8221;50px|20px|50px|20px&#8221;]<\/p>\n<h3>Link utili<\/h3>\n<div style=\"text-align: center;\"><span style=\"color: #ffffff;\"><a style=\"color: #ffffff;\" href=\"http:\/\/lanabike.com\/de\/\">Noleggio bici <\/a><\/span><\/div>\n<div style=\"text-align: center;\"><span style=\"color: #ffffff;\"><a style=\"color: #ffffff;\" href=\"https:\/\/www.bikeacademy-lana.it\/\">Bike Academy<\/a><\/span><\/div>\n<div style=\"text-align: center;\"><span style=\"color: #ffffff;\"><\/span><\/div>\n<div style=\"text-align: center;\"><span style=\"color: #ffffff;\">.<\/span><\/div>\n<div style=\"text-align: center;\"><span style=\"color: #ffffff;\">\u00a0<\/span><\/div>\n<div style=\"text-align: center;\"><span style=\"color: #ffffff;\">\u00a0<\/span><\/div>\n<div style=\"text-align: center;\"><span style=\"color: #ffffff;\">\u00a0<\/span><\/div>\n<div style=\"text-align: center;\"><a style=\"color: white;\" href=\"impressum\/\">Impressum<\/a><br \/> <a style=\"color: white;\" href=\"privacy\/?et_fb=1\">Privacy<\/a><br \/> <a style=\"color: white;\" href=\"cookies\">Cookies<\/a><\/div>\n<p>[\/et_pb_text][\/et_pb_column][\/et_pb_row][et_pb_row column_structure=&#8221;1_4,1_4,1_4,1_4&#8243; _builder_version=&#8221;4.7.6&#8243; custom_padding=&#8221;27px|0px|1px|0px&#8221; locked=&#8221;off&#8221;][et_pb_column type=&#8221;1_4&#8243; _builder_version=&#8221;4.7.6&#8243; custom_padding=&#8221;|||&#8221; custom_padding__hover=&#8221;|||&#8221;][et_pb_image src=&#8221;https:\/\/www.mtb-suedtirol.com\/wp-content\/uploads\/2018\/02\/Haibike-1.jpg&#8221; url=&#8221;https:\/\/www.haibike.com&#8221; url_new_window=&#8221;on&#8221; align_tablet=&#8221;center&#8221; align_phone=&#8221;&#8221; align_last_edited=&#8221;on|desktop&#8221; _builder_version=&#8221;3.23&#8243; custom_padding=&#8221;20px||20px|&#8221;][\/et_pb_image][\/et_pb_column][et_pb_column type=&#8221;1_4&#8243; _builder_version=&#8221;4.7.6&#8243; custom_padding=&#8221;|||&#8221; custom_padding__hover=&#8221;|||&#8221;][et_pb_image src=&#8221;https:\/\/www.mtb-suedtirol.com\/wp-content\/uploads\/2021\/01\/winora-logo.jpg&#8221; title_text=&#8221;winora-logo&#8221; url=&#8221;https:\/\/www.winora.com\/de\/de&#8221; url_new_window=&#8221;on&#8221; align_tablet=&#8221;center&#8221; align_phone=&#8221;&#8221; align_last_edited=&#8221;on|desktop&#8221; _builder_version=&#8221;4.7.6&#8243; custom_padding=&#8221;20px||20px|&#8221;][\/et_pb_image][\/et_pb_column][et_pb_column type=&#8221;1_4&#8243; _builder_version=&#8221;4.7.6&#8243; custom_padding=&#8221;|||&#8221; custom_padding__hover=&#8221;|||&#8221;][et_pb_image src=&#8221;https:\/\/www.mtb-suedtirol.com\/wp-content\/uploads\/2024\/10\/Screenshot-2024-10-31-090459.png&#8221; title_text=&#8221;Screenshot 2024-10-31 090459&#8243; url=&#8221;https:\/\/moustachebikes.com\/de\/&#8221; url_new_window=&#8221;on&#8221; align_tablet=&#8221;center&#8221; align_phone=&#8221;&#8221; align_last_edited=&#8221;on|desktop&#8221; _builder_version=&#8221;4.9.10&#8243; custom_padding=&#8221;20px||20px|&#8221;][\/et_pb_image][\/et_pb_column][et_pb_column type=&#8221;1_4&#8243; _builder_version=&#8221;4.7.6&#8243; custom_padding=&#8221;|||&#8221; custom_padding__hover=&#8221;|||&#8221;][et_pb_image src=&#8221;https:\/\/www.mtb-suedtirol.com\/wp-content\/uploads\/2018\/02\/logo_simplon_0.png&#8221; url=&#8221;http:\/\/www.simplon.com\/&#8221; url_new_window=&#8221;on&#8221; align_tablet=&#8221;center&#8221; align_phone=&#8221;&#8221; align_last_edited=&#8221;on|desktop&#8221; _builder_version=&#8221;4.7.6&#8243; custom_padding=&#8221;20px||20px|&#8221;][\/et_pb_image][\/et_pb_column][\/et_pb_row][et_pb_row column_structure=&#8221;1_4,1_4,1_4,1_4&#8243; _builder_version=&#8221;4.7.6&#8243; custom_padding=&#8221;27px|0px|1px|0px&#8221; locked=&#8221;off&#8221;][et_pb_column type=&#8221;1_4&#8243; _builder_version=&#8221;4.7.6&#8243; custom_padding=&#8221;|||&#8221; custom_padding__hover=&#8221;|||&#8221;][et_pb_image src=&#8221;https:\/\/www.mtb-suedtirol.com\/wp-content\/uploads\/2024\/10\/Screenshot-2024-10-31-090802.png&#8221; title_text=&#8221;Screenshot 2024-10-31 090802&#8243; url=&#8221;https:\/\/www.giant-bicycles.com\/it&#8221; url_new_window=&#8221;on&#8221; force_fullwidth=&#8221;on&#8221; align_tablet=&#8221;center&#8221; align_phone=&#8221;&#8221; align_last_edited=&#8221;on|desktop&#8221; _builder_version=&#8221;4.9.10&#8243; custom_padding=&#8221;20px||20px|&#8221;][\/et_pb_image][\/et_pb_column][et_pb_column type=&#8221;1_4&#8243; _builder_version=&#8221;4.7.6&#8243; custom_padding=&#8221;|||&#8221; custom_padding__hover=&#8221;|||&#8221;][et_pb_image src=&#8221;https:\/\/www.mtb-suedtirol.com\/wp-content\/uploads\/2021\/01\/liv-1-3.jpg&#8221; title_text=&#8221;liv (1)&#8221; url=&#8221;https:\/\/www.liv-cycling.com\/de&#8221; url_new_window=&#8221;on&#8221; align_tablet=&#8221;center&#8221; align_phone=&#8221;&#8221; align_last_edited=&#8221;on|desktop&#8221; _builder_version=&#8221;4.7.6&#8243; custom_padding=&#8221;20px||20px|&#8221;][\/et_pb_image][\/et_pb_column][et_pb_column type=&#8221;1_4&#8243; _builder_version=&#8221;4.7.6&#8243; custom_padding=&#8221;|||&#8221; custom_padding__hover=&#8221;|||&#8221;][et_pb_image src=&#8221;https:\/\/www.mtb-suedtirol.com\/wp-content\/uploads\/2022\/10\/RM_Logo_black_web-scaled.jpg&#8221; title_text=&#8221;RM_Logo_black_web&#8221; url=&#8221;https:\/\/www.r-m.de\/it\/&#8221; url_new_window=&#8221;on&#8221; align_tablet=&#8221;center&#8221; align_phone=&#8221;&#8221; align_last_edited=&#8221;on|desktop&#8221; _builder_version=&#8221;4.9.10&#8243; background_color=&#8221;#FFFFFF&#8221; custom_margin=&#8221;10px||||false|false&#8221; custom_padding=&#8221;20px|5px|20px|5px|false|false&#8221;][\/et_pb_image][\/et_pb_column][et_pb_column type=&#8221;1_4&#8243; _builder_version=&#8221;4.7.6&#8243; custom_padding=&#8221;|||&#8221; custom_padding__hover=&#8221;|||&#8221;][et_pb_image src=&#8221;https:\/\/www.mtb-suedtirol.com\/wp-content\/uploads\/2021\/01\/M1.jpg&#8221; title_text=&#8221;M1&#8243; url=&#8221;https:\/\/www.m1-sporttechnik.de\/en\/das-spitzing-evolution\/das-spitzing-evolution-pedelec\/&#8221; url_new_window=&#8221;on&#8221; align_tablet=&#8221;center&#8221; align_phone=&#8221;&#8221; align_last_edited=&#8221;on|desktop&#8221; _builder_version=&#8221;4.7.6&#8243; custom_padding=&#8221;20px||20px|&#8221;][\/et_pb_image][\/et_pb_column][\/et_pb_row][\/et_pb_section][et_pb_section fb_built=&#8221;1&#8243; _builder_version=&#8221;3.22&#8243; background_color=&#8221;#e30013&#8243; custom_padding=&#8221;0px|0px|0px|0px&#8221;][et_pb_row column_structure=&#8221;1_2,1_2&#8243; _builder_version=&#8221;3.25&#8243; custom_padding=&#8221;10px|0px|10px|0px&#8221;][et_pb_column type=&#8221;1_2&#8243; _builder_version=&#8221;3.25&#8243; custom_padding=&#8221;|||&#8221; custom_padding__hover=&#8221;|||&#8221;][et_pb_text _builder_version=&#8221;3.27.4&#8243; text_font=&#8221;Roboto Slab|300|||||||&#8221; background_layout=&#8221;dark&#8221;]<\/p>\n<p>&copy;&nbsp;2026 MTB in S\u00fcdtirol<\/p>\n<p>[\/et_pb_text][\/et_pb_column][et_pb_column type=&#8221;1_2&#8243; _builder_version=&#8221;3.25&#8243; custom_padding=&#8221;|||&#8221; custom_padding__hover=&#8221;|||&#8221;][et_pb_text _builder_version=&#8221;3.27.4&#8243; text_font=&#8221;Roboto Slab|300|||||||&#8221; text_orientation=&#8221;right&#8221; background_layout=&#8221;dark&#8221;]<\/p>\n<p>Produced by <a href=\"https:\/\/www.webwg.it\">webwg<\/a><\/p>\n<p>[\/et_pb_text][\/et_pb_column][\/et_pb_row][\/et_pb_section]<\/p>\n","protected":false},"excerpt":{"rendered":"<p>Benvenuto in S.S. 38 Bike Lana lo specialista delle biciclette elettriche in Alto Adige. &nbsp; &nbsp; &nbsp; &nbsp; &nbsp; &nbsp; &#x37; A Meraner Stra\u00dfe 7 abbiamo una bicicletta per tutti! Se cerchi una consulenza personalizzata, insieme ad un servizio completo e professionale, Martin Primisser \u00e8 la scelta giusta. Vieni a trovarci nel nostro negozio S.S. [&hellip;]<\/p>\n","protected":false},"author":2,"featured_media":0,"parent":0,"menu_order":0,"comment_status":"closed","ping_status":"closed","template":"","meta":{"_et_pb_use_builder":"on","_et_pb_old_content":"","_et_gb_content_width":"","footnotes":""},"aioseo_notices":[],"_links":{"self":[{"href":"https:\/\/www.mtb-suedtirol.com\/it\/wp-json\/wp\/v2\/pages\/1175"}],"collection":[{"href":"https:\/\/www.mtb-suedtirol.com\/it\/wp-json\/wp\/v2\/pages"}],"about":[{"href":"https:\/\/www.mtb-suedtirol.com\/it\/wp-json\/wp\/v2\/types\/page"}],"author":[{"embeddable":true,"href":"https:\/\/www.mtb-suedtirol.com\/it\/wp-json\/wp\/v2\/users\/2"}],"replies":[{"embeddable":true,"href":"https:\/\/www.mtb-suedtirol.com\/it\/wp-json\/wp\/v2\/comments?post=1175"}],"version-history":[{"count":15,"href":"https:\/\/www.mtb-suedtirol.com\/it\/wp-json\/wp\/v2\/pages\/1175\/revisions"}],"predecessor-version":[{"id":6880,"href":"https:\/\/www.mtb-suedtirol.com\/it\/wp-json\/wp\/v2\/pages\/1175\/revisions\/6880"}],"wp:attachment":[{"href":"https:\/\/www.mtb-suedtirol.com\/it\/wp-json\/wp\/v2\/media?parent=1175"}],"curies":[{"name":"wp","href":"https:\/\/api.w.org\/{rel}","templated":true}]}}