{"id":1209,"date":"2018-03-14T08:19:51","date_gmt":"2018-03-14T07:19:51","guid":{"rendered":"https:\/\/www.mtb-suedtirol.com\/notizie\/"},"modified":"2025-11-08T09:44:19","modified_gmt":"2025-11-08T08:44:19","slug":"notizie","status":"publish","type":"page","link":"https:\/\/www.mtb-suedtirol.com\/it\/notizie\/","title":{"rendered":"Notizie"},"content":{"rendered":"<p>[et_pb_section fb_built=&#8221;1&#8243; admin_label=&#8221;Blog Hero&#8221; _builder_version=&#8221;3.22&#8243; background_color_gradient_direction=&#8221;181deg&#8221; background_blend=&#8221;multiply&#8221; custom_padding=&#8221;100px|0px|42px|0px&#8221; animation_style=&#8221;slide&#8221; animation_direction=&#8221;top&#8221; animation_intensity_slide=&#8221;2%&#8221; locked=&#8221;off&#8221;][et_pb_row _builder_version=&#8221;3.25&#8243; background_size=&#8221;initial&#8221; background_position=&#8221;top_left&#8221; background_repeat=&#8221;repeat&#8221; custom_margin=&#8221;|||&#8221; custom_padding=&#8221;27px|0px|27px|0px&#8221; custom_width_px=&#8221;1280px&#8221;][et_pb_column type=&#8221;4_4&#8243; _builder_version=&#8221;3.25&#8243; custom_padding=&#8221;|||&#8221; custom_padding__hover=&#8221;|||&#8221;][et_pb_text _builder_version=&#8221;3.27.4&#8243; header_font=&#8221;Roboto Slab|100|||||||&#8221; header_text_align=&#8221;center&#8221; header_text_color=&#8221;#000000&#8243; header_font_size=&#8221;50px&#8221; header_line_height=&#8221;1.3em&#8221; background_size=&#8221;initial&#8221; background_position=&#8221;top_left&#8221; background_repeat=&#8221;repeat&#8221; text_orientation=&#8221;center&#8221; background_layout=&#8221;dark&#8221; max_width=&#8221;530px&#8221; module_alignment=&#8221;center&#8221; custom_padding=&#8221;|||&#8221; header_font_size_tablet=&#8221;&#8221; header_font_size_phone=&#8221;&#8221; header_font_size_last_edited=&#8221;on|desktop&#8221; locked=&#8221;off&#8221;]<\/p>\n<h1>Notizie<\/h1>\n<p>[\/et_pb_text][et_pb_text _builder_version=&#8221;3.27.4&#8243; text_font=&#8221;Roboto Slab|300|||||||&#8221; text_text_color=&#8221;#000000&#8243; text_font_size=&#8221;18px&#8221; text_line_height=&#8221;1.9em&#8221; background_size=&#8221;initial&#8221; background_position=&#8221;top_left&#8221; background_repeat=&#8221;repeat&#8221; text_orientation=&#8221;center&#8221; max_width=&#8221;90%&#8221; module_alignment=&#8221;center&#8221; locked=&#8221;off&#8221;]Clicca qui per informazioni sui nuovi modelli e prodotti disponibili nel nostro negozio.[\/et_pb_text][\/et_pb_column][\/et_pb_row][et_pb_row column_structure=&#8221;1_2,1_2&#8243; _builder_version=&#8221;4.9.10&#8243; _module_preset=&#8221;default&#8221; min_height=&#8221;44px&#8221; locked=&#8221;off&#8221;][et_pb_column type=&#8221;1_2&#8243; _builder_version=&#8221;4.9.1&#8243; _module_preset=&#8221;default&#8221;][et_pb_blurb title=&#8221;Haibike ALLMTN 10&#8243; url=&#8221;https:\/\/www.haibike.com\/it\/it\/bici-elettriche\/mtb-elettriche\/all-mountain\/allmtn-10-de681?id=45165241&#8243; image=&#8221;https:\/\/www.mtb-suedtirol.com\/wp-content\/uploads\/2023\/07\/IMG-3987-1-scaled.jpg&#8221; _builder_version=&#8221;4.9.10&#8243; _module_preset=&#8221;default&#8221; width=&#8221;100%&#8221; custom_margin=&#8221;10px|10px|10px|10px|true|true&#8221; custom_padding=&#8221;15px|15px|15px|15px|false|false&#8221; link_option_url=&#8221;https:\/\/www.haibike.com\/it\/it\/bici-elettriche\/mtb-elettriche\/all-mountain\/allmtn-10-de681?id=45165241&#8243; box_shadow_style=&#8221;preset1&#8243; box_shadow_vertical=&#8221;0px&#8221; locked=&#8221;off&#8221;]<\/p>\n<p><span>Siete alla ricerca di un\u2019eMTB versatile ed equipaggiata al meglio, con le migliori caratteristiche di arrampicata e le massime prestazioni in discesa? Allora la nostra Haibike ALLMTN 10 vi regaler\u00e0 molti momenti spensierati sui sentieri. Le dimensioni diverse delle ruote offrono un comportamento di rotolamento confortevole in discesa e una trazione ottimale in salita. Il motore Yamaha PW-X3, compatto e potente, permette di affrontare anche le salite pi\u00f9 ripide senza sudare. Con una batteria da 720 Wh, avrete riserve sufficienti anche per le gite pi\u00f9 lunghe, e potrete aumentarle ulteriormente con il Range Extender opzionale da 360 Wh. La forcella ammortizzata pneumatica FOX 38 Factory Kashima da 160 mm e il cambio e i freni Shimano Deore XT assicurano un divertimento spensierato, anche sui terreni pi\u00f9 impegnativi e ricchi di ostacoli.<\/span><\/p>\n<p>&nbsp;<\/p>\n<p>[\/et_pb_blurb][\/et_pb_column][et_pb_column type=&#8221;1_2&#8243; _builder_version=&#8221;4.9.1&#8243; _module_preset=&#8221;default&#8221;][et_pb_blurb title=&#8221;Haibike NDURO 7&#8243; url=&#8221;https:\/\/www.haibike.com\/it\/it\/bici-elettriche\/mtb-elettriche\/enduro\/nduro-7-de686?id=45172241&#8243; image=&#8221;https:\/\/www.mtb-suedtirol.com\/wp-content\/uploads\/2023\/07\/IMG-3989-scaled.jpg&#8221; _builder_version=&#8221;4.9.10&#8243; _module_preset=&#8221;default&#8221; custom_margin=&#8221;10px|10px|10px|10px|true|true&#8221; custom_padding=&#8221;15px|15px|15px|15px|false|false&#8221; link_option_url=&#8221;https:\/\/www.haibike.com\/it\/it\/bici-elettriche\/mtb-elettriche\/enduro\/nduro-7-de686?id=45172241&#8243; box_shadow_style=&#8221;preset1&#8243; box_shadow_vertical=&#8221;0px&#8221; locked=&#8221;off&#8221;]<\/p>\n<p><span>Siete alla ricerca di un\u2019eMTB robusta e agile con un potenziale elevato a livello di divertimento? La nostra NDURO 7 si trova a suo agio sui sentieri pi\u00f9 impegnativi ed \u00e8 il giocattolo perfetto per i freerider e gli appassionati di bike park. Il motore Yamaha PW-X3 compatto e potente, con 85 Nm di coppia, consente una guida agevole fino al punto di ingresso del vostro sentiero preferito. Grazie alla geometria Fifty-Fifty, non sar\u00e0 necessario sacrificare le prestazioni su salite tecniche o sulle discese impegnative. Inoltre, il triangolo posteriore progressivo dalle propriet\u00e0 anti-squat offre un\u2019efficienza ancora maggiore in salita. L\u2019escursione di 180 mm sull\u2019anteriore e posteriore, le diverse dimensioni delle ruote e i freni a disco Magura MT7 vi offrono tutto ci\u00f2 che vi serve per derapare.<\/span><\/p>\n<p>[\/et_pb_blurb][\/et_pb_column][\/et_pb_row][et_pb_row column_structure=&#8221;1_2,1_2&#8243; _builder_version=&#8221;4.9.10&#8243; _module_preset=&#8221;default&#8221; min_height=&#8221;44px&#8221; locked=&#8221;off&#8221;][et_pb_column type=&#8221;1_2&#8243; _builder_version=&#8221;4.9.1&#8243; _module_preset=&#8221;default&#8221;][et_pb_blurb title=&#8221;GASGAS G ENDURO 3.0&#8243; url=&#8221;https:\/\/www.gasgas.com\/it-it\/e-bikes\/g-enduro\/g-enduro-3-0-2022.4700002441.html&#8221; image=&#8221;https:\/\/www.mtb-suedtirol.com\/wp-content\/uploads\/2023\/07\/IMG-3984-scaled.jpg&#8221; _builder_version=&#8221;4.9.10&#8243; _module_preset=&#8221;default&#8221; width=&#8221;100%&#8221; custom_margin=&#8221;10px|10px|10px|10px|true|true&#8221; custom_padding=&#8221;15px|15px|15px|15px|false|false&#8221; link_option_url=&#8221;https:\/\/www.gasgas.com\/it-it\/e-bikes\/g-enduro\/g-enduro-3-0-2022.4700002441.html&#8221; box_shadow_style=&#8221;preset1&#8243; box_shadow_vertical=&#8221;0px&#8221; locked=&#8221;off&#8221;]<\/p>\n<p><span>La nostra bicicletta con l&#8217;escursione pi\u00f9 lunga, la G Enduro 3.0 esce allo scoperto. Con una forcella anteriore da 170 mm e un ammortizzatore da 160 mm, non c&#8217;\u00e8 niente che la ostacoli sui sentieri adrenalinici. Con un nuovo telaio in lega, una nuova configurazione di ruote da 29&#8243; e la classica tenuta bianca e rossa di GASGAS, la G Enduro 3.0 \u00e8 nata per affrontare qualsiasi sentiero. La geometria aggressiva prevede un angolo di sterzo di 64 gradi, con fodero orizzontale corto e movimento centrale basso per consentirti di dominare i sentieri pi\u00f9 ripidi e difficili.<\/span><\/p>\n<p>&nbsp;<\/p>\n<p>[\/et_pb_blurb][\/et_pb_column][et_pb_column type=&#8221;1_2&#8243; _builder_version=&#8221;4.9.1&#8243; _module_preset=&#8221;default&#8221;][\/et_pb_column][\/et_pb_row][et_pb_row column_structure=&#8221;1_2,1_2&#8243; _builder_version=&#8221;4.9.10&#8243; _module_preset=&#8221;default&#8221; min_height=&#8221;44px&#8221; locked=&#8221;off&#8221;][et_pb_column type=&#8221;1_2&#8243; _builder_version=&#8221;4.9.1&#8243; _module_preset=&#8221;default&#8221;][et_pb_blurb title=&#8221;Simplon Cirex SL&#8221; url=&#8221;https:\/\/www.simplon.com\/de\/Bikes\/Mountainbikes\/Cirex-SL_b_293182&#8243; image=&#8221;https:\/\/www.mtb-suedtirol.com\/wp-content\/uploads\/2022\/12\/product_2022_mtb_cirex_sl_black_glossy_silver_glossy.webp&#8221; _builder_version=&#8221;4.9.10&#8243; _module_preset=&#8221;default&#8221; width=&#8221;100%&#8221; custom_margin=&#8221;10px|10px|10px|10px|true|true&#8221; custom_padding=&#8221;15px|15px|15px|15px|false|false&#8221; link_option_url=&#8221;https:\/\/www.simplon.com\/de\/Bikes\/Mountainbikes\/Cirex-SL_b_293182&#8243; box_shadow_style=&#8221;preset1&#8243; box_shadow_vertical=&#8221;0px&#8221; locked=&#8221;off&#8221;]<\/p>\n<p>Il Cirex SL, con il suo telaio superleggero, consente di risparmiare circa 200 grammi rispetto alla versione normale del Cirex e stabilisce il limite di ci\u00f2 che \u00e8 tecnicamente possibile. La geometria equilibrata permette di raggiungere velocit\u00e0 elevate su terreni impegnativi. Inoltre, la sospensione assorbe in modo estremamente efficiente gli impatti fini e grossolani.<\/p>\n<p>[\/et_pb_blurb][\/et_pb_column][et_pb_column type=&#8221;1_2&#8243; _builder_version=&#8221;4.9.1&#8243; _module_preset=&#8221;default&#8221;][\/et_pb_column][\/et_pb_row][\/et_pb_section][et_pb_section fb_built=&#8221;1&#8243; _builder_version=&#8221;3.22&#8243; background_image=&#8221;https:\/\/www.mtb-suedtirol.com\/wp-content\/uploads\/2018\/02\/932e027057de335b1c28c69bf569b62af464ad8a.jpg&#8221; parallax=&#8221;on&#8221; box_shadow_style=&#8221;preset6&#8243; box_shadow_blur=&#8221;0px&#8221; box_shadow_spread=&#8221;80px&#8221; box_shadow_color=&#8221;rgba(0,0,0,0.45)&#8221; saved_tabs=&#8221;all&#8221; locked=&#8221;off&#8221;][et_pb_row column_structure=&#8221;1_2,1_2&#8243; use_custom_gutter=&#8221;on&#8221; gutter_width=&#8221;4&#8243; _builder_version=&#8221;3.25&#8243;][et_pb_column type=&#8221;1_2&#8243; _builder_version=&#8221;3.25&#8243; custom_padding=&#8221;|||&#8221; custom_padding__hover=&#8221;|||&#8221;][et_pb_text _builder_version=&#8221;3.27.4&#8243; text_font=&#8221;Roboto Slab|300|||||||&#8221; text_font_size=&#8221;18px&#8221; text_line_height=&#8221;1.8em&#8221; header_font=&#8221;||||||||&#8221; header_3_font=&#8221;Roboto Slab|300||on|||||&#8221; header_3_text_align=&#8221;center&#8221; header_3_font_size=&#8221;27px&#8221; header_3_line_height=&#8221;1.7em&#8221; background_color=&#8221;rgba(0,0,0,0.5)&#8221; background_layout=&#8221;dark&#8221; custom_padding=&#8221;50px|20px|50px|20px&#8221;]<\/p>\n<h3>ORARI DI APERTURA<\/h3>\n<div style=\"text-align: center;\">Dal luned\u00ec al venerd\u00ec<br \/>09:00-12:00\u00a0 \u00a015:00-19:00\u00a0<br \/>Sabato<br \/>09:00-12:00<\/div>\n<p>&nbsp;<\/p>\n<div style=\"text-align: center;\">\u00c8 possibile fissare un appuntamento per telefono,<\/div>\n<div style=\"text-align: center;\">anche al di fuori degli orari di apertura, ai numeri : 0473 49 11 86<\/div>\n<div style=\"text-align: center;\">anche: +39 347 5172970<\/div>\n<p>[\/et_pb_text][\/et_pb_column][et_pb_column type=&#8221;1_2&#8243; _builder_version=&#8221;3.25&#8243; custom_padding=&#8221;|||&#8221; custom_padding__hover=&#8221;|||&#8221;][et_pb_text _builder_version=&#8221;3.27.4&#8243; text_font=&#8221;Roboto Slab|300|||||||&#8221; text_font_size=&#8221;18px&#8221; text_line_height=&#8221;1.8em&#8221; header_font=&#8221;||||||||&#8221; header_3_font=&#8221;Roboto Slab|300||on|||||&#8221; header_3_text_align=&#8221;center&#8221; header_3_font_size=&#8221;27px&#8221; header_3_line_height=&#8221;1.7em&#8221; background_color=&#8221;rgba(0,0,0,0.5)&#8221; background_layout=&#8221;dark&#8221; custom_padding=&#8221;50px|20px|50px|20px&#8221;]<\/p>\n<h3>Link utili<\/h3>\n<div style=\"text-align: center;\"><span style=\"color: #ffffff;\"><a style=\"color: #ffffff;\" href=\"http:\/\/lanabike.com\/de\/\">Noleggio bici <\/a><\/span><\/div>\n<div style=\"text-align: center;\"><span style=\"color: #ffffff;\"><a style=\"color: #ffffff;\" href=\"https:\/\/www.bikeacademy-lana.it\/\">Bike Academy<\/a><\/span><\/div>\n<div style=\"text-align: center;\"><span style=\"color: #ffffff;\"><\/span><\/div>\n<div style=\"text-align: center;\"><span style=\"color: #ffffff;\">.<\/span><\/div>\n<div style=\"text-align: center;\"><span style=\"color: #ffffff;\">\u00a0<\/span><\/div>\n<div style=\"text-align: center;\"><span style=\"color: #ffffff;\">\u00a0<\/span><\/div>\n<div style=\"text-align: center;\"><span style=\"color: #ffffff;\">\u00a0<\/span><\/div>\n<div style=\"text-align: center;\"><a style=\"color: white;\" href=\"impressum\/\">Impressum<\/a><br \/> <a style=\"color: white;\" href=\"privacy\/?et_fb=1\">Privacy<\/a><br \/> <a style=\"color: white;\" href=\"cookies\">Cookies<\/a><\/div>\n<p>[\/et_pb_text][\/et_pb_column][\/et_pb_row][et_pb_row column_structure=&#8221;1_4,1_4,1_4,1_4&#8243; _builder_version=&#8221;4.7.6&#8243; custom_padding=&#8221;27px|0px|1px|0px&#8221; locked=&#8221;off&#8221;][et_pb_column type=&#8221;1_4&#8243; _builder_version=&#8221;4.7.6&#8243; custom_padding=&#8221;|||&#8221; custom_padding__hover=&#8221;|||&#8221;][et_pb_image src=&#8221;https:\/\/www.mtb-suedtirol.com\/wp-content\/uploads\/2018\/02\/Haibike-1.jpg&#8221; url=&#8221;https:\/\/www.haibike.com&#8221; url_new_window=&#8221;on&#8221; align_tablet=&#8221;center&#8221; align_phone=&#8221;&#8221; align_last_edited=&#8221;on|desktop&#8221; _builder_version=&#8221;3.23&#8243; custom_padding=&#8221;20px||20px|&#8221;][\/et_pb_image][\/et_pb_column][et_pb_column type=&#8221;1_4&#8243; _builder_version=&#8221;4.7.6&#8243; custom_padding=&#8221;|||&#8221; custom_padding__hover=&#8221;|||&#8221;][et_pb_image src=&#8221;https:\/\/www.mtb-suedtirol.com\/wp-content\/uploads\/2021\/01\/winora-logo.jpg&#8221; title_text=&#8221;winora-logo&#8221; url=&#8221;https:\/\/www.winora.com\/de\/de&#8221; url_new_window=&#8221;on&#8221; align_tablet=&#8221;center&#8221; align_phone=&#8221;&#8221; align_last_edited=&#8221;on|desktop&#8221; _builder_version=&#8221;4.7.6&#8243; custom_padding=&#8221;20px||20px|&#8221;][\/et_pb_image][\/et_pb_column][et_pb_column type=&#8221;1_4&#8243; _builder_version=&#8221;4.7.6&#8243; custom_padding=&#8221;|||&#8221; custom_padding__hover=&#8221;|||&#8221;][et_pb_image src=&#8221;https:\/\/www.mtb-suedtirol.com\/wp-content\/uploads\/2024\/10\/Screenshot-2024-10-31-090459.png&#8221; title_text=&#8221;Screenshot 2024-10-31 090459&#8243; url=&#8221;https:\/\/moustachebikes.com\/de\/&#8221; url_new_window=&#8221;on&#8221; align_tablet=&#8221;center&#8221; align_phone=&#8221;&#8221; align_last_edited=&#8221;on|desktop&#8221; _builder_version=&#8221;4.9.10&#8243; custom_padding=&#8221;20px||20px|&#8221;][\/et_pb_image][\/et_pb_column][et_pb_column type=&#8221;1_4&#8243; _builder_version=&#8221;4.7.6&#8243; custom_padding=&#8221;|||&#8221; custom_padding__hover=&#8221;|||&#8221;][et_pb_image src=&#8221;https:\/\/www.mtb-suedtirol.com\/wp-content\/uploads\/2018\/02\/logo_simplon_0.png&#8221; url=&#8221;http:\/\/www.simplon.com\/&#8221; url_new_window=&#8221;on&#8221; align_tablet=&#8221;center&#8221; align_phone=&#8221;&#8221; align_last_edited=&#8221;on|desktop&#8221; _builder_version=&#8221;4.7.6&#8243; custom_padding=&#8221;20px||20px|&#8221;][\/et_pb_image][\/et_pb_column][\/et_pb_row][et_pb_row column_structure=&#8221;1_4,1_4,1_4,1_4&#8243; _builder_version=&#8221;4.7.6&#8243; custom_padding=&#8221;27px|0px|1px|0px&#8221; locked=&#8221;off&#8221;][et_pb_column type=&#8221;1_4&#8243; _builder_version=&#8221;4.7.6&#8243; custom_padding=&#8221;|||&#8221; custom_padding__hover=&#8221;|||&#8221;][et_pb_image src=&#8221;https:\/\/www.mtb-suedtirol.com\/wp-content\/uploads\/2024\/10\/Screenshot-2024-10-31-090802.png&#8221; title_text=&#8221;Screenshot 2024-10-31 090802&#8243; url=&#8221;https:\/\/www.giant-bicycles.com\/it&#8221; url_new_window=&#8221;on&#8221; force_fullwidth=&#8221;on&#8221; align_tablet=&#8221;center&#8221; align_phone=&#8221;&#8221; align_last_edited=&#8221;on|desktop&#8221; _builder_version=&#8221;4.9.10&#8243; custom_padding=&#8221;20px||20px|&#8221;][\/et_pb_image][\/et_pb_column][et_pb_column type=&#8221;1_4&#8243; _builder_version=&#8221;4.7.6&#8243; custom_padding=&#8221;|||&#8221; custom_padding__hover=&#8221;|||&#8221;][et_pb_image src=&#8221;https:\/\/www.mtb-suedtirol.com\/wp-content\/uploads\/2021\/01\/liv-1-3.jpg&#8221; title_text=&#8221;liv (1)&#8221; url=&#8221;https:\/\/www.liv-cycling.com\/de&#8221; url_new_window=&#8221;on&#8221; align_tablet=&#8221;center&#8221; align_phone=&#8221;&#8221; align_last_edited=&#8221;on|desktop&#8221; _builder_version=&#8221;4.7.6&#8243; custom_padding=&#8221;20px||20px|&#8221;][\/et_pb_image][\/et_pb_column][et_pb_column type=&#8221;1_4&#8243; _builder_version=&#8221;4.7.6&#8243; custom_padding=&#8221;|||&#8221; custom_padding__hover=&#8221;|||&#8221;][et_pb_image src=&#8221;https:\/\/www.mtb-suedtirol.com\/wp-content\/uploads\/2022\/10\/RM_Logo_black_web-scaled.jpg&#8221; title_text=&#8221;RM_Logo_black_web&#8221; url=&#8221;https:\/\/www.r-m.de\/it\/&#8221; url_new_window=&#8221;on&#8221; align_tablet=&#8221;center&#8221; align_phone=&#8221;&#8221; align_last_edited=&#8221;on|desktop&#8221; _builder_version=&#8221;4.9.10&#8243; background_color=&#8221;#FFFFFF&#8221; custom_margin=&#8221;10px||||false|false&#8221; custom_padding=&#8221;20px|5px|20px|5px|false|false&#8221;][\/et_pb_image][\/et_pb_column][et_pb_column type=&#8221;1_4&#8243; _builder_version=&#8221;4.7.6&#8243; custom_padding=&#8221;|||&#8221; custom_padding__hover=&#8221;|||&#8221;][et_pb_image src=&#8221;https:\/\/www.mtb-suedtirol.com\/wp-content\/uploads\/2021\/01\/M1.jpg&#8221; title_text=&#8221;M1&#8243; url=&#8221;https:\/\/www.m1-sporttechnik.de\/en\/das-spitzing-evolution\/das-spitzing-evolution-pedelec\/&#8221; url_new_window=&#8221;on&#8221; align_tablet=&#8221;center&#8221; align_phone=&#8221;&#8221; align_last_edited=&#8221;on|desktop&#8221; _builder_version=&#8221;4.7.6&#8243; custom_padding=&#8221;20px||20px|&#8221;][\/et_pb_image][\/et_pb_column][\/et_pb_row][\/et_pb_section][et_pb_section fb_built=&#8221;1&#8243; _builder_version=&#8221;3.22&#8243; background_color=&#8221;#e30013&#8243; custom_padding=&#8221;0px|0px|0px|0px&#8221;][et_pb_row column_structure=&#8221;1_2,1_2&#8243; _builder_version=&#8221;3.25&#8243; custom_padding=&#8221;10px|0px|10px|0px&#8221;][et_pb_column type=&#8221;1_2&#8243; _builder_version=&#8221;3.25&#8243; custom_padding=&#8221;|||&#8221; custom_padding__hover=&#8221;|||&#8221;][et_pb_text _builder_version=&#8221;3.27.4&#8243; text_font=&#8221;Roboto Slab|300|||||||&#8221; background_layout=&#8221;dark&#8221;]<\/p>\n<p>&copy;&nbsp;2026 MTB in S\u00fcdtirol<\/p>\n<p>[\/et_pb_text][\/et_pb_column][et_pb_column type=&#8221;1_2&#8243; _builder_version=&#8221;3.25&#8243; custom_padding=&#8221;|||&#8221; custom_padding__hover=&#8221;|||&#8221;][et_pb_text _builder_version=&#8221;3.27.4&#8243; text_font=&#8221;Roboto Slab|300|||||||&#8221; text_orientation=&#8221;right&#8221; background_layout=&#8221;dark&#8221;]<\/p>\n<p>Produced by <a href=\"https:\/\/www.webwg.it\">webwg<\/a><\/p>\n<p>[\/et_pb_text][\/et_pb_column][\/et_pb_row][\/et_pb_section]<\/p>\n","protected":false},"excerpt":{"rendered":"<p>Notizie Clicca qui per informazioni sui nuovi modelli e prodotti disponibili nel nostro negozio. Haibike ALLMTN 10 Siete alla ricerca di un\u2019eMTB versatile ed equipaggiata al meglio, con le migliori caratteristiche di arrampicata e le massime prestazioni in discesa? Allora la nostra Haibike ALLMTN 10 vi regaler\u00e0 molti momenti spensierati sui sentieri. Le dimensioni diverse [&hellip;]<\/p>\n","protected":false},"author":2,"featured_media":0,"parent":0,"menu_order":0,"comment_status":"closed","ping_status":"closed","template":"","meta":{"_et_pb_use_builder":"on","_et_pb_old_content":"","_et_gb_content_width":"","footnotes":""},"aioseo_notices":[],"_links":{"self":[{"href":"https:\/\/www.mtb-suedtirol.com\/it\/wp-json\/wp\/v2\/pages\/1209"}],"collection":[{"href":"https:\/\/www.mtb-suedtirol.com\/it\/wp-json\/wp\/v2\/pages"}],"about":[{"href":"https:\/\/www.mtb-suedtirol.com\/it\/wp-json\/wp\/v2\/types\/page"}],"author":[{"embeddable":true,"href":"https:\/\/www.mtb-suedtirol.com\/it\/wp-json\/wp\/v2\/users\/2"}],"replies":[{"embeddable":true,"href":"https:\/\/www.mtb-suedtirol.com\/it\/wp-json\/wp\/v2\/comments?post=1209"}],"version-history":[{"count":15,"href":"https:\/\/www.mtb-suedtirol.com\/it\/wp-json\/wp\/v2\/pages\/1209\/revisions"}],"predecessor-version":[{"id":6881,"href":"https:\/\/www.mtb-suedtirol.com\/it\/wp-json\/wp\/v2\/pages\/1209\/revisions\/6881"}],"wp:attachment":[{"href":"https:\/\/www.mtb-suedtirol.com\/it\/wp-json\/wp\/v2\/media?parent=1209"}],"curies":[{"name":"wp","href":"https:\/\/api.w.org\/{rel}","templated":true}]}}